{"id":15,"date":"2025-02-13T15:35:50","date_gmt":"2025-02-13T15:35:50","guid":{"rendered":"https:\/\/www.toolonantiikki.fi\/?page_id=15"},"modified":"2025-04-23T08:48:36","modified_gmt":"2025-04-23T08:48:36","slug":"etusivu","status":"publish","type":"page","link":"https:\/\/www.toolonantiikki.fi\/","title":{"rendered":"Tervetuloa T\u00f6\u00f6l\u00f6n Antiikkiin!"},"content":{"rendered":"\n<figure class=\"wp-block-image size-full\"><img loading=\"lazy\" decoding=\"async\" width=\"934\" height=\"545\" src=\"http:\/\/www.toolonantiikki.fi\/wp-content\/uploads\/2025\/02\/Toolon-Antiikki-kk.jpg\" alt=\"\" class=\"wp-image-8\" srcset=\"https:\/\/www.toolonantiikki.fi\/wp-content\/uploads\/2025\/02\/Toolon-Antiikki-kk.jpg 934w, https:\/\/www.toolonantiikki.fi\/wp-content\/uploads\/2025\/02\/Toolon-Antiikki-kk-300x175.jpg 300w, https:\/\/www.toolonantiikki.fi\/wp-content\/uploads\/2025\/02\/Toolon-Antiikki-kk-768x448.jpg 768w\" sizes=\"auto, (max-width: 934px) 100vw, 934px\" \/><\/figure>\n\n\n\n<figure class=\"wp-block-image size-full\"><img loading=\"lazy\" decoding=\"async\" width=\"593\" height=\"445\" src=\"http:\/\/www.toolonantiikki.fi\/wp-content\/uploads\/2025\/04\/IMG_4961.jpg\" alt=\"\" class=\"wp-image-105\" srcset=\"https:\/\/www.toolonantiikki.fi\/wp-content\/uploads\/2025\/04\/IMG_4961.jpg 593w, https:\/\/www.toolonantiikki.fi\/wp-content\/uploads\/2025\/04\/IMG_4961-300x225.jpg 300w\" sizes=\"auto, (max-width: 593px) 100vw, 593px\" \/><\/figure>\n\n\n\n<p>T\u00f6\u00f6l\u00f6n Antiikki perustettu 17.1.2019<\/p>\n","protected":false},"excerpt":{"rendered":"<p>T\u00f6\u00f6l\u00f6n Antiikki perustettu 17.1.2019<\/p>\n","protected":false},"author":1,"featured_media":0,"parent":0,"menu_order":0,"comment_status":"closed","ping_status":"closed","template":"","meta":{"_kad_post_transparent":"","_kad_post_title":"","_kad_post_layout":"","_kad_post_sidebar_id":"","_kad_post_content_style":"","_kad_post_vertical_padding":"","_kad_post_feature":"","_kad_post_feature_position":"","_kad_post_header":false,"_kad_post_footer":false,"_kad_post_classname":"","footnotes":""},"class_list":["post-15","page","type-page","status-publish","hentry"],"_links":{"self":[{"href":"https:\/\/www.toolonantiikki.fi\/index.php\/wp-json\/wp\/v2\/pages\/15","targetHints":{"allow":["GET"]}}],"collection":[{"href":"https:\/\/www.toolonantiikki.fi\/index.php\/wp-json\/wp\/v2\/pages"}],"about":[{"href":"https:\/\/www.toolonantiikki.fi\/index.php\/wp-json\/wp\/v2\/types\/page"}],"author":[{"embeddable":true,"href":"https:\/\/www.toolonantiikki.fi\/index.php\/wp-json\/wp\/v2\/users\/1"}],"replies":[{"embeddable":true,"href":"https:\/\/www.toolonantiikki.fi\/index.php\/wp-json\/wp\/v2\/comments?post=15"}],"version-history":[{"count":12,"href":"https:\/\/www.toolonantiikki.fi\/index.php\/wp-json\/wp\/v2\/pages\/15\/revisions"}],"predecessor-version":[{"id":108,"href":"https:\/\/www.toolonantiikki.fi\/index.php\/wp-json\/wp\/v2\/pages\/15\/revisions\/108"}],"wp:attachment":[{"href":"https:\/\/www.toolonantiikki.fi\/index.php\/wp-json\/wp\/v2\/media?parent=15"}],"curies":[{"name":"wp","href":"https:\/\/api.w.org\/{rel}","templated":true}]}}