{"id":70,"date":"2025-04-19T16:21:43","date_gmt":"2025-04-19T16:21:43","guid":{"rendered":"https:\/\/www.toolonantiikki.fi\/?page_id=70"},"modified":"2025-04-19T16:21:44","modified_gmt":"2025-04-19T16:21:44","slug":"yhteystiedot","status":"publish","type":"page","link":"https:\/\/www.toolonantiikki.fi\/index.php\/yhteystiedot\/","title":{"rendered":"Yhteystiedot"},"content":{"rendered":"\n<figure class=\"wp-block-image size-full\"><img loading=\"lazy\" decoding=\"async\" width=\"720\" height=\"960\" src=\"http:\/\/www.toolonantiikki.fi\/wp-content\/uploads\/2025\/04\/IMG_5067.jpg\" alt=\"\" class=\"wp-image-42\" srcset=\"https:\/\/www.toolonantiikki.fi\/wp-content\/uploads\/2025\/04\/IMG_5067.jpg 720w, https:\/\/www.toolonantiikki.fi\/wp-content\/uploads\/2025\/04\/IMG_5067-225x300.jpg 225w\" sizes=\"auto, (max-width: 720px) 100vw, 720px\" \/><\/figure>\n\n\n\n<p>T\u00d6\u00d6L\u00d6N ANTIIKKI MECHELININKATU 11 HELSINKI<\/p>\n\n\n\n<p>N\u00e4ytt\u00f6 sopimuksen mukaan.<\/p>\n\n\n\n<p>Puh: <a href=\"tel:0442448258\">0442448258<\/a><\/p>\n\n\n\n<p>E-mail: <a href=\"mailto:toolon.antiikki@gmail.com\">toolon.antiikki@gmail.com<\/a><\/p>\n\n\n\n<p><\/p>\n\n\n\n<p><\/p>\n\n\n\n<p><\/p>\n\n\n\n<figure class=\"wp-block-image size-large is-resized\"><img loading=\"lazy\" decoding=\"async\" width=\"1024\" height=\"768\" src=\"http:\/\/www.toolonantiikki.fi\/wp-content\/uploads\/2025\/04\/IMG_4652-1024x768.jpg\" alt=\"\" class=\"wp-image-32\" style=\"width:1095px;height:auto\" srcset=\"https:\/\/www.toolonantiikki.fi\/wp-content\/uploads\/2025\/04\/IMG_4652-1024x768.jpg 1024w, https:\/\/www.toolonantiikki.fi\/wp-content\/uploads\/2025\/04\/IMG_4652-300x225.jpg 300w, https:\/\/www.toolonantiikki.fi\/wp-content\/uploads\/2025\/04\/IMG_4652-768x576.jpg 768w, https:\/\/www.toolonantiikki.fi\/wp-content\/uploads\/2025\/04\/IMG_4652-1536x1152.jpg 1536w, https:\/\/www.toolonantiikki.fi\/wp-content\/uploads\/2025\/04\/IMG_4652-2048x1536.jpg 2048w\" sizes=\"auto, (max-width: 1024px) 100vw, 1024px\" \/><\/figure>\n\n\n\n<p>T\u00d6\u00d6L\u00d6N ANTIIKKI Varasto Tammela<\/p>\n\n\n\n<p>Puh: <a href=\"tel:0442448258\">0442448258<\/a><\/p>\n\n\n\n<p>E-mail: <a href=\"mailto:toolon.antiikki@gmail.com\">toolon.antiikki@gmail.com<\/a><\/p>\n\n\n\n<p><\/p>\n","protected":false},"excerpt":{"rendered":"<p>T\u00d6\u00d6L\u00d6N ANTIIKKI MECHELININKATU 11 HELSINKI N\u00e4ytt\u00f6 sopimuksen mukaan. Puh: 0442448258 E-mail: toolon.antiikki@gmail.com T\u00d6\u00d6L\u00d6N ANTIIKKI Varasto Tammela Puh: 0442448258 E-mail: toolon.antiikki@gmail.com<\/p>\n","protected":false},"author":1,"featured_media":0,"parent":0,"menu_order":0,"comment_status":"closed","ping_status":"closed","template":"","meta":{"_kad_post_transparent":"","_kad_post_title":"","_kad_post_layout":"","_kad_post_sidebar_id":"","_kad_post_content_style":"","_kad_post_vertical_padding":"","_kad_post_feature":"","_kad_post_feature_position":"","_kad_post_header":false,"_kad_post_footer":false,"_kad_post_classname":"","footnotes":""},"class_list":["post-70","page","type-page","status-publish","hentry"],"_links":{"self":[{"href":"https:\/\/www.toolonantiikki.fi\/index.php\/wp-json\/wp\/v2\/pages\/70","targetHints":{"allow":["GET"]}}],"collection":[{"href":"https:\/\/www.toolonantiikki.fi\/index.php\/wp-json\/wp\/v2\/pages"}],"about":[{"href":"https:\/\/www.toolonantiikki.fi\/index.php\/wp-json\/wp\/v2\/types\/page"}],"author":[{"embeddable":true,"href":"https:\/\/www.toolonantiikki.fi\/index.php\/wp-json\/wp\/v2\/users\/1"}],"replies":[{"embeddable":true,"href":"https:\/\/www.toolonantiikki.fi\/index.php\/wp-json\/wp\/v2\/comments?post=70"}],"version-history":[{"count":8,"href":"https:\/\/www.toolonantiikki.fi\/index.php\/wp-json\/wp\/v2\/pages\/70\/revisions"}],"predecessor-version":[{"id":94,"href":"https:\/\/www.toolonantiikki.fi\/index.php\/wp-json\/wp\/v2\/pages\/70\/revisions\/94"}],"wp:attachment":[{"href":"https:\/\/www.toolonantiikki.fi\/index.php\/wp-json\/wp\/v2\/media?parent=70"}],"curies":[{"name":"wp","href":"https:\/\/api.w.org\/{rel}","templated":true}]}}